{"id":1370,"date":"2024-09-02T16:00:22","date_gmt":"2024-09-02T16:00:22","guid":{"rendered":"https:\/\/resilient-ageing.de\/?page_id=1370"},"modified":"2025-03-21T12:22:10","modified_gmt":"2025-03-21T12:22:10","slug":"the-research-alliance","status":"publish","type":"page","link":"https:\/\/resilient-ageing.de\/de\/the-research-alliance","title":{"rendered":"Der Forschungsverbund"},"content":{"rendered":"<div class=\"wp-block-cover is-light has-custom-content-position is-position-bottom-center block-shade-slight wp-duotone-unset-2\" style=\"border-style:none;border-width:0px;border-radius:15px;min-height:248px;aspect-ratio:unset;\"><span aria-hidden=\"true\" class=\"wp-block-cover__background has-background-dim\" style=\"background-color:#a7a4a0\"><\/span><img loading=\"lazy\" decoding=\"async\" width=\"1707\" height=\"2560\" class=\"wp-block-cover__image-background wp-image-1417\" alt=\"\" src=\"https:\/\/resilient-ageing.de\/wp-content\/uploads\/2024\/09\/pexels-lilartsy-1194775-scaled.jpg\" style=\"object-position:68% 48%\" data-object-fit=\"cover\" data-object-position=\"68% 48%\" srcset=\"https:\/\/resilient-ageing.de\/wp-content\/uploads\/2024\/09\/pexels-lilartsy-1194775-scaled.jpg 1707w, https:\/\/resilient-ageing.de\/wp-content\/uploads\/2024\/09\/pexels-lilartsy-1194775-200x300.jpg 200w, https:\/\/resilient-ageing.de\/wp-content\/uploads\/2024\/09\/pexels-lilartsy-1194775-683x1024.jpg 683w, https:\/\/resilient-ageing.de\/wp-content\/uploads\/2024\/09\/pexels-lilartsy-1194775-768x1152.jpg 768w, https:\/\/resilient-ageing.de\/wp-content\/uploads\/2024\/09\/pexels-lilartsy-1194775-1024x1536.jpg 1024w, https:\/\/resilient-ageing.de\/wp-content\/uploads\/2024\/09\/pexels-lilartsy-1194775-1365x2048.jpg 1365w, https:\/\/resilient-ageing.de\/wp-content\/uploads\/2024\/09\/pexels-lilartsy-1194775-8x12.jpg 8w\" sizes=\"auto, (max-width: 1707px) 100vw, 1707px\" \/><div class=\"wp-block-cover__inner-container has-global-padding is-layout-constrained wp-block-cover-is-layout-constrained\">\n<div class=\"wp-block-columns alignfull is-layout-flex wp-container-core-columns-is-layout-28f84493 wp-block-columns-is-layout-flex\">\n<div class=\"wp-block-column is-vertically-aligned-bottom is-layout-flow wp-block-column-is-layout-flow\" style=\"flex-basis:10%\">\n<figure class=\"wp-block-image size-full is-resized wp-duotone-f9f9f9-ffffff-1\"><img loading=\"lazy\" decoding=\"async\" width=\"636\" height=\"504\" src=\"https:\/\/resilient-ageing.de\/wp-content\/uploads\/2024\/06\/230222-Logo-Resilient-Ageing-schwarz_1.png\" alt=\"\" class=\"wp-image-2829\" style=\"width:79px;height:auto\" srcset=\"https:\/\/resilient-ageing.de\/wp-content\/uploads\/2024\/06\/230222-Logo-Resilient-Ageing-schwarz_1.png 636w, https:\/\/resilient-ageing.de\/wp-content\/uploads\/2024\/06\/230222-Logo-Resilient-Ageing-schwarz_1-300x238.png 300w, https:\/\/resilient-ageing.de\/wp-content\/uploads\/2024\/06\/230222-Logo-Resilient-Ageing-schwarz_1-15x12.png 15w, https:\/\/resilient-ageing.de\/wp-content\/uploads\/2024\/06\/230222-Logo-Resilient-Ageing-schwarz_1-200x158.png 200w\" sizes=\"auto, (max-width: 636px) 100vw, 636px\" \/><\/figure>\n<\/div>\n\n\n\n<div class=\"wp-block-column is-vertically-aligned-bottom is-layout-flow wp-block-column-is-layout-flow\">\n<p class=\"has-text-align-right has-base-2-color has-text-color has-link-color has-large-font-size wp-elements-b8608da4e6b427811b686a01974644fe\"><img loading=\"lazy\" decoding=\"async\" width=\"150\" height=\"150\" class=\"wp-image-768\" style=\"width: 150px;\" src=\"https:\/\/resilient-ageing.de\/wp-content\/uploads\/2024\/08\/line-segment-svgrepo-com.svg\" alt=\"\">Der Forschungsverbund.<\/p>\n<\/div>\n<\/div>\n<\/div><\/div>\n\n\n\n<div class=\"wp-block-group block-shade-slight has-border-color has-accent-5-border-color has-base-2-background-color has-background is-layout-flow wp-block-group-is-layout-flow\" style=\"border-width:1px;border-radius:15px;padding-top:var(--wp--preset--spacing--50);padding-right:var(--wp--preset--spacing--50);padding-bottom:var(--wp--preset--spacing--50);padding-left:var(--wp--preset--spacing--50)\">\n<div class=\"wp-block-columns is-layout-flex wp-container-core-columns-is-layout-28f84493 wp-block-columns-is-layout-flex\">\n<div class=\"wp-block-column is-layout-flow wp-block-column-is-layout-flow\">\n<div class=\"wp-block-group is-content-justification-left is-nowrap is-layout-flex wp-container-core-group-is-layout-56a17a74 wp-block-group-is-layout-flex\">\n<p><kbd> <\/kbd><img loading=\"lazy\" decoding=\"async\" width=\"40\" height=\"40\" class=\"wp-image-1374\" style=\"width: 40px;\" src=\"https:\/\/resilient-ageing.de\/wp-content\/uploads\/2024\/09\/about-svgrepo-com.svg\" alt=\"\"><\/p>\n\n\n\n<div style=\"height:100px;width:19px\" aria-hidden=\"true\" class=\"wp-block-spacer wp-container-content-370e7c34\"><\/div>\n\n\n\n<h4 class=\"wp-block-heading is-style-default\" style=\"font-style:normal;font-weight:100;letter-spacing:3px\">\u00fcber uns.<\/h4>\n<\/div>\n\n\n\n<div style=\"height:32px\" aria-hidden=\"true\" class=\"wp-block-spacer\"><\/div>\n\n\n\n<p style=\"font-size:clamp(0.875rem, 0.875rem + ((1vw - 0.2rem) * 0.708), 1.3rem);\">Nach Angaben der WHO vollzieht sich die Alterung der Bev\u00f6lkerung viel schneller als in der Vergangenheit. <strong>Im Jahr 2030 wird jeder sechste Mensch auf der Welt 60 Jahre oder \u00e4lter sein. <\/strong>Die kombinierten Auswirkungen der hohen Lebenserwartung und der niedrigen Geburtenraten sind die Hauptfaktoren, die diesen demografischen Wandel verursachen.<\/p>\n<\/div>\n\n\n\n<div class=\"wp-block-column is-layout-flow wp-block-column-is-layout-flow\">\n<h2 class=\"wp-block-heading has-text-align-right\">Die Basis.<\/h2>\n\n\n\n<p class=\"has-text-align-right\"><img loading=\"lazy\" decoding=\"async\" width=\"30\" height=\"30\" class=\"wp-image-785\" style=\"width: 30px;\" src=\"https:\/\/resilient-ageing.de\/wp-content\/uploads\/2024\/08\/line-segment-svgrepo-com-black.svg\" alt=\"\"> <img loading=\"lazy\" decoding=\"async\" width=\"30\" height=\"30\" class=\"wp-image-785\" style=\"width: 30px;\" src=\"https:\/\/resilient-ageing.de\/wp-content\/uploads\/2024\/08\/line-segment-svgrepo-com-black.svg\" alt=\"\"> <img loading=\"lazy\" decoding=\"async\" width=\"30\" height=\"30\" class=\"wp-image-785\" style=\"width: 30px;\" src=\"https:\/\/resilient-ageing.de\/wp-content\/uploads\/2024\/08\/line-segment-svgrepo-com-black.svg\" alt=\"\"> <img loading=\"lazy\" decoding=\"async\" width=\"30\" height=\"30\" class=\"wp-image-785\" style=\"width: 30px;\" src=\"https:\/\/resilient-ageing.de\/wp-content\/uploads\/2024\/08\/line-segment-svgrepo-com-black.svg\" alt=\"\"><\/p>\n<\/div>\n<\/div>\n\n\n\n<div style=\"height:38px\" aria-hidden=\"true\" class=\"wp-block-spacer\"><\/div>\n\n\n\n<hr class=\"wp-block-separator has-alpha-channel-opacity is-style-wide\"\/>\n\n\n\n<div style=\"height:10px\" aria-hidden=\"true\" class=\"wp-block-spacer\"><\/div>\n\n\n\n<div class=\"wp-block-columns is-layout-flex wp-container-core-columns-is-layout-28f84493 wp-block-columns-is-layout-flex\">\n<div class=\"wp-block-column is-layout-flow wp-block-column-is-layout-flow\" style=\"padding-top:var(--wp--preset--spacing--50)\">\n<p style=\"font-size:clamp(0.875rem, 0.875rem + ((1vw - 0.2rem) * 0.708), 1.3rem);\">Das stellt Wissenschaft und Gesellschaft vor gro\u00dfe Herausforderungen. Wir m\u00fcssen daher das Verst\u00e4ndnis des Alterungsprozesses neu bewerten, die Resilienz w\u00e4hrend des gesamten Lebens f\u00f6rdern und das Leben der Senioren so gesund und lebenswert wie m\u00f6glich gestalten. Zu verstehen, warum bestimmte Menschen deutlich langsamer altern als andere und dieses Wissen f\u00fcr die Pr\u00e4vention von altersbedingten Krankheiten und die F\u00f6rderung des resilienten Alterns zu nutzen, ist das \u00fcbergeordnete Ziel dieses Leibniz-Forschungsverbundes.<br>Ob jemand zu den \u00c4lteren geh\u00f6rt, die trotz chronologischer Alterung praktisch keine Verschlechterung der kognitiven F\u00e4higkeiten erfahren, also z.B. resilient gegen\u00fcber der Hirnalterung sind, h\u00e4ngt von vielen Einflussfaktoren ab. Ausgehend von der Hypothese, dass nicht nur das Gehirn, sondern alle Organe des menschlichen K\u00f6rpers \u00fcber Anpassungsf\u00e4higkeiten verf\u00fcgen, wollen unsere Biologen, Psychologen, \u00d6kologen, Mediziner, Epidemiologen, Ern\u00e4hrungswissenschaftler, Sozialwissenschaftler und Wirtschaftswissenschaftler diese Faktoren untersuchen. Dazu geh\u00f6ren (epi-)genetische Faktoren, Gesundheitsfragen, Ern\u00e4hrung und Lebensstil, aber auch Umwelteinfl\u00fcsse, sowie Einkommen und Bildung, die Rolle des sozialen Status und die Anerkennung in der Gesellschaft.<\/p>\n\n\n\n<p style=\"font-size:clamp(0.875rem, 0.875rem + ((1vw - 0.2rem) * 0.708), 1.3rem);\"><strong>.<\/strong> <strong>14 Leibniz-Institute<\/strong> bringen ihre Erkenntnisse und Forschungsmethoden auf mikro- und makroskopischer Ebene in den neuen Forschungsverbund ein: von biologischen Wechselwirkungen auf molekularer Ebene in Zellkulturen und Tiermodellen, \u00fcber medizinische Daten, wie sie etwa aus der gr\u00f6\u00dften deutschen Gesundheitsstudie <strong>NAKO<\/strong> und der europ\u00e4ischen <strong>EPIC-Studie<\/strong> vorliegen, bis hin zu Daten aus Befragungen des Sozio-oekonomischen Panels <strong>(SOEP)<\/strong>, der gr\u00f6\u00dften und l\u00e4ngsten multidisziplin\u00e4ren Langzeitstudie in Deutschland. <strong>NAKO<\/strong>, and the European <strong>EPIC <\/strong>study, as well as data from surveys conducted by the Socio-Economic Panel <strong>(SOEP)<\/strong>, the largest and longest-running multidisciplinary long-term study in Germany.<\/p>\n\n\n\n<div style=\"height:30px\" aria-hidden=\"true\" class=\"wp-block-spacer\"><\/div>\n\n\n\n<div class=\"wp-block-group block-shade-slight has-border-color has-accent-5-border-color has-base-2-background-color has-background has-global-padding is-layout-constrained wp-container-core-group-is-layout-c385debf wp-block-group-is-layout-constrained\" style=\"border-style:dashed;border-width:1px;border-radius:15px;padding-top:var(--wp--preset--spacing--20);padding-right:var(--wp--preset--spacing--20);padding-bottom:var(--wp--preset--spacing--20);padding-left:var(--wp--preset--spacing--20)\">\n<details class=\"wp-block-details is-style-arrow-icon-details is-layout-flow wp-block-details-is-layout-flow\" open><summary>Begleitendes Bildmaterial.<\/summary>\n<div style=\"height:10px\" aria-hidden=\"true\" class=\"wp-block-spacer\"><\/div>\n\n\n\n<figure class=\"wp-block-image size-large\"><img loading=\"lazy\" decoding=\"async\" width=\"1024\" height=\"464\" src=\"https:\/\/resilient-ageing.de\/wp-content\/uploads\/2024\/12\/image002-1024x464.png\" alt=\"\" class=\"wp-image-2637\" style=\"object-fit:cover\" srcset=\"https:\/\/resilient-ageing.de\/wp-content\/uploads\/2024\/12\/image002-1024x464.png 1024w, https:\/\/resilient-ageing.de\/wp-content\/uploads\/2024\/12\/image002-300x136.png 300w, https:\/\/resilient-ageing.de\/wp-content\/uploads\/2024\/12\/image002-768x348.png 768w, https:\/\/resilient-ageing.de\/wp-content\/uploads\/2024\/12\/image002-1536x695.png 1536w, https:\/\/resilient-ageing.de\/wp-content\/uploads\/2024\/12\/image002-2048x927.png 2048w, https:\/\/resilient-ageing.de\/wp-content\/uploads\/2024\/12\/image002-18x8.png 18w, https:\/\/resilient-ageing.de\/wp-content\/uploads\/2024\/12\/image002-200x91.png 200w\" sizes=\"auto, (max-width: 1024px) 100vw, 1024px\" \/><\/figure>\n\n\n\n<div class=\"wp-block-buttons is-content-justification-right is-layout-flex wp-container-core-buttons-is-layout-d445cf74 wp-block-buttons-is-layout-flex\">\n<div class=\"wp-block-button has-custom-width wp-block-button__width-50 has-custom-font-size is-style-outline has-large-font-size is-style-outline--3\" data-aos=\"fade-right\" data-aos-duration=\"550\"><a class=\"wp-block-button__link has-text-align-right wp-element-button\" href=\"https:\/\/resilient-ageing.de\/wp-content\/uploads\/2024\/12\/image002.png\" style=\"border-width:2px;border-radius:100px\" target=\"_blank\" rel=\"noreferrer noopener\">vergr\u00f6\u00dfern<kbd>  <\/kbd><img loading=\"lazy\" decoding=\"async\" width=\"20\" height=\"20\" class=\"wp-image-1058\" style=\"width: 20px;\" src=\"https:\/\/resilient-ageing.de\/wp-content\/uploads\/2024\/08\/open-external-svgrepo-com.svg\" alt=\"\"><\/a><\/div>\n<\/div>\n\n\n\n<div style=\"height:25px\" aria-hidden=\"true\" class=\"wp-block-spacer\"><\/div>\n<\/details>\n<\/div>\n\n\n\n<div style=\"height:30px\" aria-hidden=\"true\" class=\"wp-block-spacer\"><\/div>\n\n\n\n<p style=\"font-size:clamp(0.875rem, 0.875rem + ((1vw - 0.2rem) * 0.708), 1.3rem);\">Der Leibniz-Forschungsverbund Altern und Resilienz versteht sich als interdisziplin\u00e4res Forschungsnetzwerk und Ansprechpartner f\u00fcr Politik und Medien. Seine Expertise deckt alle Fragen rund um die biologischen, medizinischen, sozialen und \u00f6konomischen Aspekte des resilienten Alterns ab.<\/p>\n<\/div>\n\n\n\n<div class=\"wp-block-column is-layout-flow wp-block-column-is-layout-flow\">\n<h2 class=\"wp-block-heading has-text-align-right\">Die Herausforderung.<\/h2>\n\n\n\n<p class=\"has-text-align-right\"><img loading=\"lazy\" decoding=\"async\" width=\"30\" height=\"30\" class=\"wp-image-785\" style=\"width: 30px;\" src=\"https:\/\/resilient-ageing.de\/wp-content\/uploads\/2024\/08\/line-segment-svgrepo-com-black.svg\" alt=\"\"> <img loading=\"lazy\" decoding=\"async\" width=\"30\" height=\"30\" class=\"wp-image-785\" style=\"width: 30px;\" src=\"https:\/\/resilient-ageing.de\/wp-content\/uploads\/2024\/08\/line-segment-svgrepo-com-black.svg\" alt=\"\"> <img loading=\"lazy\" decoding=\"async\" width=\"30\" height=\"30\" class=\"wp-image-785\" style=\"width: 30px;\" src=\"https:\/\/resilient-ageing.de\/wp-content\/uploads\/2024\/08\/line-segment-svgrepo-com-black.svg\" alt=\"\"> <img loading=\"lazy\" decoding=\"async\" width=\"30\" height=\"30\" class=\"wp-image-785\" style=\"width: 30px;\" src=\"https:\/\/resilient-ageing.de\/wp-content\/uploads\/2024\/08\/line-segment-svgrepo-com-black.svg\" alt=\"\"><\/p>\n<\/div>\n<\/div>\n\n\n\n<div style=\"height:38px\" aria-hidden=\"true\" class=\"wp-block-spacer\"><\/div>\n\n\n\n<p><img loading=\"lazy\" decoding=\"async\" width=\"40\" height=\"40\" class=\"wp-image-974\" style=\"width: 40px;\" src=\"https:\/\/resilient-ageing.de\/wp-content\/uploads\/2024\/08\/arrow-downleft-svgrepo-com.svg\" alt=\"\"><\/p>\n<\/div>","protected":false},"excerpt":{"rendered":"<p>about us. According to data from WHO, the pace of population ageing is much faster than in the past. By 2030, one in every six people in the world will be aged 60 years or over. The combined effects of long life expectancy and low birth rates are the key factors to cause this demographic [&hellip;]<\/p>\n","protected":false},"author":3,"featured_media":0,"parent":0,"menu_order":0,"comment_status":"closed","ping_status":"closed","template":"","meta":{"inline_featured_image":false,"footnotes":""},"class_list":["post-1370","page","type-page","status-publish","hentry"],"_links":{"self":[{"href":"https:\/\/resilient-ageing.de\/de\/wp-json\/wp\/v2\/pages\/1370","targetHints":{"allow":["GET"]}}],"collection":[{"href":"https:\/\/resilient-ageing.de\/de\/wp-json\/wp\/v2\/pages"}],"about":[{"href":"https:\/\/resilient-ageing.de\/de\/wp-json\/wp\/v2\/types\/page"}],"author":[{"embeddable":true,"href":"https:\/\/resilient-ageing.de\/de\/wp-json\/wp\/v2\/users\/3"}],"replies":[{"embeddable":true,"href":"https:\/\/resilient-ageing.de\/de\/wp-json\/wp\/v2\/comments?post=1370"}],"version-history":[{"count":29,"href":"https:\/\/resilient-ageing.de\/de\/wp-json\/wp\/v2\/pages\/1370\/revisions"}],"predecessor-version":[{"id":2862,"href":"https:\/\/resilient-ageing.de\/de\/wp-json\/wp\/v2\/pages\/1370\/revisions\/2862"}],"wp:attachment":[{"href":"https:\/\/resilient-ageing.de\/de\/wp-json\/wp\/v2\/media?parent=1370"}],"curies":[{"name":"wp","href":"https:\/\/api.w.org\/{rel}","templated":true}]}}